{"id":30261,"date":"2018-05-24T10:10:06","date_gmt":"2018-05-24T08:10:06","guid":{"rendered":"https:\/\/www.opase.com\/?page_id=30261\/"},"modified":"2019-05-10T11:36:14","modified_gmt":"2019-05-10T09:36:14","slug":"privacy-policy","status":"publish","type":"page","link":"https:\/\/www.opase.com\/de\/privacy-policy\/","title":{"rendered":"Privacy Policy"},"content":{"rendered":"<p>[et_pb_section fb_built=&#8220;1&#8243; fullwidth=&#8220;on&#8220; _builder_version=&#8220;3.22.3&#8243;][et_pb_fullwidth_slider _builder_version=&#8220;3.19.3&#8243; button_text_size__hover_enabled=&#8220;off&#8220; button_one_text_size__hover_enabled=&#8220;off&#8220; button_two_text_size__hover_enabled=&#8220;off&#8220; button_text_color__hover_enabled=&#8220;off&#8220; button_one_text_color__hover_enabled=&#8220;off&#8220; button_two_text_color__hover_enabled=&#8220;off&#8220; button_border_width__hover_enabled=&#8220;off&#8220; button_one_border_width__hover_enabled=&#8220;off&#8220; button_two_border_width__hover_enabled=&#8220;off&#8220; button_border_color__hover_enabled=&#8220;off&#8220; button_one_border_color__hover_enabled=&#8220;off&#8220; button_two_border_color__hover_enabled=&#8220;off&#8220; button_border_radius__hover_enabled=&#8220;off&#8220; button_one_border_radius__hover_enabled=&#8220;off&#8220; button_two_border_radius__hover_enabled=&#8220;off&#8220; button_letter_spacing__hover_enabled=&#8220;off&#8220; button_one_letter_spacing__hover_enabled=&#8220;off&#8220; button_two_letter_spacing__hover_enabled=&#8220;off&#8220; button_bg_color__hover_enabled=&#8220;off&#8220; button_one_bg_color__hover_enabled=&#8220;off&#8220; button_two_bg_color__hover_enabled=&#8220;off&#8220;][et_pb_slide heading=&#8220;Privacy policy&#8220; use_bg_overlay=&#8220;off&#8220; use_text_overlay=&#8220;off&#8220; _builder_version=&#8220;3.19.3&#8243; background_color=&#8220;#ffffff&#8220; background_image=&#8220;https:\/\/www.opase.com\/wp-content\/uploads\/2018\/04\/obms_law_rgpd-1.jpg&#8220; button_on_hover=&#8220;on&#8220; button_text_size__hover_enabled=&#8220;off&#8220; button_one_text_size__hover_enabled=&#8220;off&#8220; button_two_text_size__hover_enabled=&#8220;off&#8220; button_text_color__hover_enabled=&#8220;off&#8220; button_one_text_color__hover_enabled=&#8220;off&#8220; button_two_text_color__hover_enabled=&#8220;off&#8220; button_border_width__hover_enabled=&#8220;off&#8220; button_one_border_width__hover_enabled=&#8220;off&#8220; button_two_border_width__hover_enabled=&#8220;off&#8220; button_border_color__hover_enabled=&#8220;off&#8220; button_one_border_color__hover_enabled=&#8220;off&#8220; button_two_border_color__hover_enabled=&#8220;off&#8220; button_border_radius__hover_enabled=&#8220;off&#8220; button_one_border_radius__hover_enabled=&#8220;off&#8220; button_two_border_radius__hover_enabled=&#8220;off&#8220; button_letter_spacing__hover_enabled=&#8220;off&#8220; button_one_letter_spacing__hover_enabled=&#8220;off&#8220; button_two_letter_spacing__hover_enabled=&#8220;off&#8220; button_bg_color__hover_enabled=&#8220;off&#8220; button_one_bg_color__hover_enabled=&#8220;off&#8220; button_two_bg_color__hover_enabled=&#8220;off&#8220;][\/et_pb_slide][\/et_pb_fullwidth_slider][\/et_pb_section][et_pb_section fb_built=&#8220;1&#8243; _builder_version=&#8220;3.22.3&#8243;][et_pb_row _builder_version=&#8220;3.22.3&#8243; background_size=&#8220;initial&#8220; background_position=&#8220;top_left&#8220; background_repeat=&#8220;repeat&#8220;][et_pb_column type=&#8220;4_4&#8243; _builder_version=&#8220;3.0.47&#8243;][et_pb_text _builder_version=&#8220;3.3.1&#8243;]<\/p>\n<h1><\/h1>\n<p>\u00a0<span style=\"font-size: 17px;\">OPASE has always attached great importance to the personal data security.<\/span><\/p>\n<p>This is why we have implemented an ever-greater confidentiality and security procedure, since the creation of our activity.<br \/> When using the services offered by OPASE, the information we collect is necessary for the proper performance of the services offered by the company. OPASE is committed to the compliance of the General Data Protection Regulation (GDPR) when collecting and processing your personal data from the website <a href=\"http:\/\/www.opase.com\">www.opase.com<\/a> and our Blog <a href=\"http:\/\/www.prestationintellectuelle.com\">www.prestationintellectuelle.com<\/a> . The processing of personal information by OPASE has been declared to the CNIL under number 1227567.<\/p>\n<p>These privacy policies are intended to tell you what measures are being taken to ensure your data security.<\/p>\n<p>&nbsp;<\/p>\n<p>[\/et_pb_text][\/et_pb_column][\/et_pb_row][et_pb_row _builder_version=&#8220;3.22.3&#8243; background_size=&#8220;initial&#8220; background_position=&#8220;top_left&#8220; background_repeat=&#8220;repeat&#8220;][et_pb_column type=&#8220;1_3&#8243; _builder_version=&#8220;3.0.47&#8243;][et_pb_image src=&#8220;https:\/\/www.opase.com\/wp-content\/uploads\/2018\/05\/RGPD-site-opase-01.png&#8220; _builder_version=&#8220;3.3.1&#8243; max_width=&#8220;50%&#8220; animation_style=&#8220;fade&#8220;][\/et_pb_image][et_pb_text admin_label=&#8220;Engagement RGPD&#8220; _builder_version=&#8220;3.3.1&#8243;]<\/p>\n<p style=\"text-align: left;\"><strong>GDPR Engagement<\/strong><\/p>\n<p style=\"text-align: left;\">The data processing is done in full compliance.<br class=\"m_-2754488812608618976kix-line-break\" \/>Our policy is to ensure security and transparency.<\/p>\n<p>[\/et_pb_text][\/et_pb_column][et_pb_column type=&#8220;1_3&#8243; _builder_version=&#8220;3.0.47&#8243;][et_pb_image src=&#8220;https:\/\/www.opase.com\/wp-content\/uploads\/2018\/05\/RGPD-site-opase-02.png&#8220; _builder_version=&#8220;3.3&#8243; max_width=&#8220;50%&#8220; animation_style=&#8220;fade&#8220;][\/et_pb_image][et_pb_text admin_label=&#8220;Expertise et Fiabilit\u00e9&#8220; _builder_version=&#8220;3.3.1&#8243;]<strong>Expertise and Reliability<\/strong><\/p>\n<p>Professionals committed to treating your data and protecting your privacy.<br class=\"m_-2754488812608618976kix-line-break\" \/>We do not outsource the security of your data, it&#8217;s our job and we take it very seriously.<br \/>\n[\/et_pb_text][\/et_pb_column][et_pb_column type=&#8220;1_3&#8243; _builder_version=&#8220;3.0.47&#8243;][et_pb_image src=&#8220;https:\/\/www.opase.com\/wp-content\/uploads\/2018\/05\/RGPD-site-opase-03.png&#8220; _builder_version=&#8220;3.3&#8243; max_width=&#8220;50%&#8220; animation_style=&#8220;fade&#8220;][\/et_pb_image][et_pb_text admin_label=&#8220;DPO&#8220; _builder_version=&#8220;3.3.1&#8243;]<strong>Data Protection Officer (DPO)<\/strong><\/p>\n<p>A DPO (Data Protection Officer) within our company responsible<br \/>\nfor the protection of your data is designated to be your contact on these topics.<br \/>\n[\/et_pb_text][\/et_pb_column][\/et_pb_row][et_pb_row _builder_version=&#8220;3.22.3&#8243;][et_pb_column type=&#8220;4_4&#8243; _builder_version=&#8220;3.0.47&#8243;][et_pb_divider show_divider=&#8220;off&#8220; _builder_version=&#8220;3.3.1&#8243;][\/et_pb_divider][\/et_pb_column][\/et_pb_row][et_pb_row _builder_version=&#8220;3.22.3&#8243; background_size=&#8220;initial&#8220; background_position=&#8220;top_left&#8220; background_repeat=&#8220;repeat&#8220;][et_pb_column type=&#8220;1_3&#8243; _builder_version=&#8220;3.0.47&#8243;][et_pb_image src=&#8220;https:\/\/www.opase.com\/wp-content\/uploads\/2018\/05\/RGPD-site-opase-04.png&#8220; _builder_version=&#8220;3.3.1&#8243; max_width=&#8220;50%&#8220; animation_style=&#8220;fade&#8220; animation_delay=&#8220;300ms&#8220;][\/et_pb_image][et_pb_text admin_label=&#8220;S\u00e9curit\u00e9 des donn\u00e9es&#8220; _builder_version=&#8220;3.22.4&#8243;]<\/p>\n<p><strong>Data security<br \/> <\/strong><br class=\"m_-2754488812608618976kix-line-break\" \/>All your data is protected in highly secure Databases.<br \/>The latest security standards are systematically applied.<br \/> OWASP is an inexhaustible source of inspiration.<\/p>\n<p>[\/et_pb_text][\/et_pb_column][et_pb_column type=&#8220;1_3&#8243; _builder_version=&#8220;3.0.47&#8243;][et_pb_image src=&#8220;https:\/\/www.opase.com\/wp-content\/uploads\/2018\/05\/RGPD-site-opase-05.png&#8220; _builder_version=&#8220;3.3&#8243; max_width=&#8220;50%&#8220; animation_style=&#8220;fade&#8220; animation_delay=&#8220;300ms&#8220;][\/et_pb_image][et_pb_text admin_label=&#8220;Droits des personnes&#8220; _builder_version=&#8220;3.22.4&#8243;]<\/p>\n<p><strong>Your Rights<\/strong><\/p>\n<p>The right of access. The right to rectification.<br \/> The right to erasure.\u00a0 The right to data portability.\u00a0<br \/>We only ask you for the data necessary to carry out our marketing and commercial activity<br \/> and do not transfer your data to a third party.<\/p>\n<p>[\/et_pb_text][\/et_pb_column][et_pb_column type=&#8220;1_3&#8243; _builder_version=&#8220;3.0.47&#8243;][et_pb_image src=&#8220;https:\/\/www.opase.com\/wp-content\/uploads\/2018\/05\/RGPD-site-opase-06.png&#8220; _builder_version=&#8220;3.3&#8243; max_width=&#8220;50%&#8220; animation_style=&#8220;fade&#8220; animation_delay=&#8220;300ms&#8220;][\/et_pb_image][et_pb_text admin_label=&#8220;Confidentialit\u00e9&#8220; _builder_version=&#8220;3.22.4&#8243;]<\/p>\n<p><strong>Respect of confidentiality<\/strong><\/p>\n<p>Our employees have signed a confidentiality charter.<br \/> We take this very seriously and each of us is trained in the issues<br \/> and responsibilities related to the protection of your personal data.<\/p>\n<p>[\/et_pb_text][\/et_pb_column][\/et_pb_row][et_pb_row _builder_version=&#8220;3.22.3&#8243; background_size=&#8220;initial&#8220; background_position=&#8220;top_left&#8220; background_repeat=&#8220;repeat&#8220;][et_pb_column type=&#8220;4_4&#8243; _builder_version=&#8220;3.0.47&#8243;][et_pb_divider show_divider=&#8220;off&#8220; _builder_version=&#8220;3.3&#8243;][\/et_pb_divider][\/et_pb_column][\/et_pb_row][et_pb_row _builder_version=&#8220;3.22.3&#8243; background_size=&#8220;initial&#8220; background_position=&#8220;top_left&#8220; background_repeat=&#8220;repeat&#8220;][et_pb_column type=&#8220;4_4&#8243; _builder_version=&#8220;3.0.47&#8243;][et_pb_text _builder_version=&#8220;3.3.1&#8243;]<\/p>\n<div dir=\"ltr\">\n<div class=\"gmail_default\">\n<h2 dir=\"ltr\">Use of your personal Data<\/h2>\n<p dir=\"ltr\"><strong>A comment on the Blog :<\/strong><\/p>\n<p dir=\"ltr\">When you leave comments on the site we collect the data shown in the comments form, and also the IP address and browser user agent string to help spam detection.<br class=\"m_-2920548109760098761kix-line-break\" \/>An anonymized string created from your email address (also called a hash) may be provided to the Gravatar service to see if you are using it. The Gravatar service privacy policy is available here: <a href=\"https:\/\/automattic.com\/privacy\/\" target=\"_blank\" rel=\"noopener noreferrer\" data-saferedirecturl=\"https:\/\/www.google.com\/url?hl=fr&amp;q=https:\/\/automattic.com\/privacy\/&amp;source=gmail&amp;ust=1527234661097000&amp;usg=AFQjCNH7LbgPm84Zr9wyVvzWgviQA6spYg\">Automattic Privacy Policy<\/a>. After approval of your comment, your profile picture is visible to the public in the context of your comment.<\/p>\n<p dir=\"ltr\"><strong>Filling out a contact form :<br \/>\n<\/strong><br class=\"m_-2920548109760098761kix-line-break\" \/>Information collected on our forms is saved in a secured and computerized file by OPASE to provide you with a better service and inform you of other news. Those information is kept for 3 years after the last action of the user to the site (last download for example) and is intended for the marketing department and commercial service of OPASE. Unless otherwise stated, we do not transfer your data to a third party.<\/p>\n<p dir=\"ltr\"><strong>Users of the OBMS platform :<\/strong><\/p>\n<p dir=\"ltr\">OPASE uses your data for the purposes of contract execution and management. This includes managing your account and our contractual relationship, setting up and managing services, processing your support requests, and billing.<\/p>\n<p dir=\"ltr\"><strong>Cookies<\/strong><\/p>\n<p dir=\"ltr\">This site uses cookies \u2013 small text files that are placed on your machine to help the site provide a better user experience. In general, cookies are used to retain user preferences, store information for things like shopping carts, and provide anonymized tracking data to third party applications like Google Analytics. Cookies generally exist to make your browsing experience better. However, you may prefer to disable cookies on this site and on others. The most effective way to do this is to disable cookies in your browser. We suggest consulting the help section of your browser.<\/p>\n<div><\/div>\n<\/div>\n<\/div>\n<p>&nbsp;<\/p>\n<h2 dir=\"ltr\">How to exercise your rights?<\/h2>\n<p dir=\"ltr\">In accordance with the applicable regulations on the protection of personal data (and also because we take your privacy very seriously), you can, at any time, exercise your rights concerning your personal data:<\/p>\n<p dir=\"ltr\"><strong>Right to data portability<\/strong><\/p>\n<p dir=\"ltr\">You can ask us for your personal data at any time for your own purposes across different services.<\/p>\n<p dir=\"ltr\"><strong>Right to erasure<\/strong><\/p>\n<p dir=\"ltr\">We will delete your data at any time if you request so.<\/p>\n<p dir=\"ltr\"><strong>Right to rectification<\/strong><\/p>\n<p dir=\"ltr\">You can make a request for rectification verbally or in writing to update your data for more services.<\/p>\n<p dir=\"ltr\"><strong>For any request, please contact our Data Protection Officer (DPO) directly by email at <a href=\"mailto:DPO@opase.com\" target=\"_blank\" rel=\"noopener noreferrer\">DPO@opase.com<\/a> or by post to the following address:<\/strong><\/p>\n<p dir=\"ltr\"><strong>OPASE &#8211; DPO<\/strong><br class=\"m_-5343469129491032699kix-line-break\" \/><a href=\"https:\/\/maps.google.com\/?q=30+rue+Robert+Lindet+75015+PARIS+FRANCE&amp;entry=gmail&amp;source=g\">30 rue Robert Lindet<\/a><br class=\"m_-5343469129491032699kix-line-break\" \/><a href=\"https:\/\/maps.google.com\/?q=30+rue+Robert+Lindet+75015+PARIS+FRANCE&amp;entry=gmail&amp;source=g\">75015 PARIS<\/a><br class=\"m_-5343469129491032699kix-line-break\" \/><a href=\"https:\/\/maps.google.com\/?q=30+rue+Robert+Lindet+75015+PARIS+FRANCE&amp;entry=gmail&amp;source=g\">FRANCE<\/a><\/p>\n<p>[\/et_pb_text][\/et_pb_column][\/et_pb_row][\/et_pb_section]<\/p>\n","protected":false},"excerpt":{"rendered":"<p>\u00a0OPASE has always attached great importance to the personal data security. This is why we have implemented an ever-greater confidentiality and security procedure, since the creation of our activity. When using the services offered by OPASE, the information we collect is necessary for the proper performance of the services offered by the company. OPASE is [&hellip;]<\/p>\n","protected":false},"author":13,"featured_media":0,"parent":0,"menu_order":0,"comment_status":"closed","ping_status":"closed","template":"","meta":{"_et_pb_use_builder":"on","_et_pb_old_content":"","_et_gb_content_width":"","content-type":"","footnotes":""},"class_list":["post-30261","page","type-page","status-publish","hentry"],"_links":{"self":[{"href":"https:\/\/www.opase.com\/de\/wp-json\/wp\/v2\/pages\/30261","targetHints":{"allow":["GET"]}}],"collection":[{"href":"https:\/\/www.opase.com\/de\/wp-json\/wp\/v2\/pages"}],"about":[{"href":"https:\/\/www.opase.com\/de\/wp-json\/wp\/v2\/types\/page"}],"author":[{"embeddable":true,"href":"https:\/\/www.opase.com\/de\/wp-json\/wp\/v2\/users\/13"}],"replies":[{"embeddable":true,"href":"https:\/\/www.opase.com\/de\/wp-json\/wp\/v2\/comments?post=30261"}],"version-history":[{"count":4,"href":"https:\/\/www.opase.com\/de\/wp-json\/wp\/v2\/pages\/30261\/revisions"}],"predecessor-version":[{"id":34569,"href":"https:\/\/www.opase.com\/de\/wp-json\/wp\/v2\/pages\/30261\/revisions\/34569"}],"wp:attachment":[{"href":"https:\/\/www.opase.com\/de\/wp-json\/wp\/v2\/media?parent=30261"}],"curies":[{"name":"wp","href":"https:\/\/api.w.org\/{rel}","templated":true}]}}