{"id":29078,"date":"2017-02-13T15:15:11","date_gmt":"2017-02-13T14:15:11","guid":{"rendered":"http:\/\/www.opase.com\/?page_id=29078\/"},"modified":"2026-03-06T17:01:32","modified_gmt":"2026-03-06T16:01:32","slug":"funktionalitaten","status":"publish","type":"page","link":"https:\/\/www.opase.com\/de\/funktionalitaten\/","title":{"rendered":"Funktionalit\u00e4ten"},"content":{"rendered":"<p>[et_pb_section fb_built=&#8220;1&#8243; _builder_version=&#8220;4.27.6&#8243; _module_preset=&#8220;default&#8220; background_color=&#8220;#59B3C8&#8243; background_enable_image=&#8220;off&#8220; custom_padding=&#8220;40px||40px||true|false&#8220; hover_enabled=&#8220;0&#8243; locked=&#8220;off&#8220; global_colors_info=&#8220;{}&#8220; sticky_enabled=&#8220;0&#8243;][et_pb_row _builder_version=&#8220;4.24.0&#8243; _module_preset=&#8220;default&#8220; global_colors_info=&#8220;{}&#8220;][et_pb_column type=&#8220;4_4&#8243; _builder_version=&#8220;4.24.0&#8243; _module_preset=&#8220;default&#8220; custom_padding=&#8220;30px||30px||true|false&#8220; global_colors_info=&#8220;{}&#8220;][et_pb_text _builder_version=&#8220;4.24.0&#8243; _module_preset=&#8220;default&#8220; text_font=&#8220;|300|||||||&#8220; header_font=&#8220;|300|||||||&#8220; text_orientation=&#8220;center&#8220; background_layout=&#8220;dark&#8220; custom_padding=&#8220;30px||30px||true|false&#8220; global_colors_info=&#8220;{}&#8220;]<\/p>\n<h1><strong>Funktionalit\u00e4ten<\/strong><\/h1>\n<p>[\/et_pb_text][\/et_pb_column][\/et_pb_row][\/et_pb_section][et_pb_section fb_built=&#8220;1&#8243; custom_padding_last_edited=&#8220;on|desktop&#8220; module_id=&#8220;OBMS Solution&#8220; _builder_version=&#8220;4.24.3&#8243; background_color=&#8220;rgba(207,226,243,0.3)&#8220; custom_padding=&#8220;80px||80px||true|false&#8220; custom_padding_tablet=&#8220;50px|0|50px|0&#8243; custom_padding_phone=&#8220;&#8220; transparent_background=&#8220;off&#8220; locked=&#8220;off&#8220; global_colors_info=&#8220;{}&#8220;][et_pb_row _builder_version=&#8220;4.16&#8243; global_colors_info=&#8220;{}&#8220;][et_pb_column type=&#8220;4_4&#8243; _builder_version=&#8220;4.16&#8243; custom_padding=&#8220;|||&#8220; global_colors_info=&#8220;{}&#8220; custom_padding__hover=&#8220;|||&#8220;][et_pb_text _builder_version=&#8220;4.25.0&#8243; header_font=&#8220;||||||||&#8220; header_2_font=&#8220;|600|||||||&#8220; header_2_font_size=&#8220;32px&#8220; custom_margin=&#8220;||10px||false|false&#8220; custom_margin_tablet=&#8220;&#8220; custom_margin_phone=&#8220;20px||20px|&#8220; custom_margin_last_edited=&#8220;on|phone&#8220; global_colors_info=&#8220;{}&#8220;]<\/p>\n<h2 style=\"text-align: center;\">Verwalten Sie und leiten Sie Ihre externen Ressourcen Einfach, in einer einzigen Plattform<\/h2>\n<p>[\/et_pb_text][et_pb_text _builder_version=&#8220;4.25.0&#8243; header_font=&#8220;||||||||&#8220; header_2_font=&#8220;|600|||||||&#8220; header_2_font_size=&#8220;32px&#8220; header_3_font=&#8220;Montserrat||||||||&#8220; header_3_font_size=&#8220;18px&#8220; custom_margin=&#8220;||40px||false|false&#8220; custom_margin_tablet=&#8220;&#8220; custom_margin_phone=&#8220;20px||20px|&#8220; custom_margin_last_edited=&#8220;on|phone&#8220; global_colors_info=&#8220;{}&#8220;]<\/p>\n<h3 style=\"text-align: center;\">Dienstvertrag &#8211; Werkvertrag &#8211; Leiharbeit &#8211; Arbeitnehmer\u00fcberlassung (A\u00dc)<\/h3>\n<p>[\/et_pb_text][\/et_pb_column][\/et_pb_row][et_pb_row column_structure=&#8220;1_2,1_2&#8243; _builder_version=&#8220;4.24.3&#8243; _module_preset=&#8220;default&#8220; custom_margin=&#8220;||||true|false&#8220; global_colors_info=&#8220;{}&#8220;][et_pb_column type=&#8220;1_2&#8243; _builder_version=&#8220;4.24.3&#8243; _module_preset=&#8220;default&#8220; global_colors_info=&#8220;{}&#8220;][et_pb_text admin_label=&#8220;1-sourcing&#8220; _builder_version=&#8220;4.27.6&#8243; text_font_size=&#8220;16&#8243; text_line_height=&#8220;1.8em&#8220; header_2_font=&#8220;|700|||||||&#8220; header_2_text_color=&#8220;#59B3C8&#8243; header_2_font_size=&#8220;30px&#8220; background_size=&#8220;initial&#8220; background_position=&#8220;top_left&#8220; background_repeat=&#8220;repeat&#8220; custom_margin=&#8220;40px||0px||false|false&#8220; custom_padding=&#8220;||0px|||&#8220; hover_enabled=&#8220;0&#8243; use_border_color=&#8220;off&#8220; border_color=&#8220;#ffffff&#8220; border_style=&#8220;solid&#8220; global_colors_info=&#8220;{}&#8220; sticky_enabled=&#8220;0&#8243;]<\/p>\n<h2>Sourcing<\/h2>\n<ul><\/ul>\n<p>[\/et_pb_text][et_pb_text admin_label=&#8220;1-sourcing&#8220; _builder_version=&#8220;4.25.0&#8243; text_line_height=&#8220;1.8em&#8220; header_font=&#8220;||||||||&#8220; header_3_font=&#8220;|700|||||||&#8220; header_3_font_size=&#8220;21px&#8220; header_4_font=&#8220;|700|||||||&#8220; header_4_text_color=&#8220;#1b7dbc&#8220; header_4_font_size=&#8220;12px&#8220; background_size=&#8220;initial&#8220; background_position=&#8220;top_left&#8220; background_repeat=&#8220;repeat&#8220; custom_padding=&#8220;||8px|||&#8220; use_border_color=&#8220;off&#8220; border_color=&#8220;#ffffff&#8220; border_style=&#8220;solid&#8220; global_colors_info=&#8220;{}&#8220;]<\/p>\n<p><strong>Den richtigen Dienstleiter zum richtigen Preis finden<\/strong><\/p>\n<p>OBMS hilft Ihnen bei der Verwaltung Ihrer Ausschreibungen:<\/p>\n<ul>\n<li>Vereinfachte Anforderungserstellung<\/li>\n<li>Gegenseitige Unterst\u00fctzung bei der Analyse der Antworten<\/li>\n<li>Vereinfachte Verhandlung und vertragliche Vereinbarung<\/li>\n<\/ul>\n<p>[\/et_pb_text][\/et_pb_column][et_pb_column type=&#8220;1_2&#8243; _builder_version=&#8220;4.24.3&#8243; _module_preset=&#8220;default&#8220; global_colors_info=&#8220;{}&#8220;][et_pb_image src=&#8220;https:\/\/www.opase.com\/wp-content\/uploads\/2026\/03\/Sourcing_en.png&#8220; title_text=&#8220;Sourcing_en&#8220; disabled_on=&#8220;on|off|off&#8220; _builder_version=&#8220;4.27.6&#8243; _module_preset=&#8220;default&#8220; width=&#8220;100%&#8220; width_tablet=&#8220;50%&#8220; width_phone=&#8220;49%&#8220; width_last_edited=&#8220;on|tablet&#8220; module_alignment=&#8220;center&#8220; custom_padding=&#8220;40px||||false|false&#8220; hover_enabled=&#8220;0&#8243; border_radii=&#8220;on|10px|10px|10px|10px&#8220; box_shadow_style=&#8220;preset4&#8243; box_shadow_horizontal=&#8220;0px&#8220; box_shadow_vertical=&#8220;2px&#8220; box_shadow_blur=&#8220;27px&#8220; box_shadow_spread=&#8220;-6px&#8220; box_shadow_color=&#8220;#1B7DBC&#8220; global_colors_info=&#8220;{}&#8220; sticky_enabled=&#8220;0&#8243;][\/et_pb_image][\/et_pb_column][\/et_pb_row][et_pb_row column_structure=&#8220;1_2,1_2&#8243; _builder_version=&#8220;4.24.3&#8243; _module_preset=&#8220;default&#8220; custom_margin=&#8220;60px||60px||true|false&#8220; custom_margin_tablet=&#8220;60px||60px||true|false&#8220; custom_margin_phone=&#8220;0px||0px||true|false&#8220; custom_margin_last_edited=&#8220;on|phone&#8220; global_colors_info=&#8220;{}&#8220;][et_pb_column type=&#8220;1_2&#8243; _builder_version=&#8220;4.24.3&#8243; _module_preset=&#8220;default&#8220; global_colors_info=&#8220;{}&#8220;][et_pb_image src=&#8220;https:\/\/www.opase.com\/wp-content\/uploads\/2026\/03\/ecran-gestion-de-projet-EN-1.png&#8220; title_text=&#8220;ecran gestion de projet EN&#8220; disabled_on=&#8220;on|off|off&#8220; _builder_version=&#8220;4.27.6&#8243; _module_preset=&#8220;default&#8220; width=&#8220;100%&#8220; width_tablet=&#8220;50%&#8220; width_phone=&#8220;49%&#8220; width_last_edited=&#8220;on|tablet&#8220; module_alignment=&#8220;center&#8220; hover_enabled=&#8220;0&#8243; border_radii=&#8220;on|10px|10px|10px|10px&#8220; box_shadow_style=&#8220;preset4&#8243; box_shadow_horizontal=&#8220;0px&#8220; box_shadow_vertical=&#8220;2px&#8220; box_shadow_blur=&#8220;27px&#8220; box_shadow_spread=&#8220;-6px&#8220; box_shadow_color=&#8220;#1B7DBC&#8220; global_colors_info=&#8220;{}&#8220; sticky_enabled=&#8220;0&#8243;][\/et_pb_image][\/et_pb_column][et_pb_column type=&#8220;1_2&#8243; _builder_version=&#8220;4.24.3&#8243; _module_preset=&#8220;default&#8220; global_colors_info=&#8220;{}&#8220;][et_pb_text admin_label=&#8220;1-sourcing&#8220; _builder_version=&#8220;4.27.6&#8243; text_font_size=&#8220;16&#8243; text_line_height=&#8220;1.8em&#8220; header_2_font=&#8220;|700|||||||&#8220; header_2_text_color=&#8220;#59B3C8&#8243; header_2_font_size=&#8220;30px&#8220; background_size=&#8220;initial&#8220; background_position=&#8220;top_left&#8220; background_repeat=&#8220;repeat&#8220; custom_margin=&#8220;40px||0px||false|false&#8220; custom_padding=&#8220;||0px|||&#8220; hover_enabled=&#8220;0&#8243; use_border_color=&#8220;off&#8220; border_color=&#8220;#ffffff&#8220; border_style=&#8220;solid&#8220; global_colors_info=&#8220;{}&#8220; sticky_enabled=&#8220;0&#8243;]<\/p>\n<h2>\u00dcberwachung un fakturierung<\/h2>\n<ul><\/ul>\n<p>[\/et_pb_text][et_pb_text admin_label=&#8220;1-sourcing&#8220; _builder_version=&#8220;4.25.0&#8243; text_line_height=&#8220;1.6em&#8220; header_font=&#8220;||||||||&#8220; header_4_font=&#8220;||||||||&#8220; header_4_text_color=&#8220;#1b7dbc&#8220; background_size=&#8220;initial&#8220; background_position=&#8220;top_left&#8220; background_repeat=&#8220;repeat&#8220; custom_padding=&#8220;||2px|||&#8220; use_border_color=&#8220;off&#8220; border_color=&#8220;#ffffff&#8220; border_style=&#8220;solid&#8220; global_colors_info=&#8220;{}&#8220;]<\/p>\n<p><b>Ihre Verwltungsprezesse vereinfachen und Rechnungsstreitigkeiten vermeinden<\/b><\/p>\n<ul>\n<li>Angabe und Best\u00e4tigung der Projektzeiten und Meilensteine \u00fcber OBMS<\/li>\n<li>Eine Zahlungsfreigabe f\u00fcr den Lieferanten und eine automatisierte Annahme erm\u00f6glichen die ordnungsgem\u00e4\u00dfe Bezahlung der Dienstleistungen<\/li>\n<\/ul>\n<p>[\/et_pb_text][\/et_pb_column][\/et_pb_row][et_pb_row column_structure=&#8220;1_2,1_2&#8243; custom_padding_last_edited=&#8220;on|phone&#8220; _builder_version=&#8220;4.24.3&#8243; _module_preset=&#8220;default&#8220; custom_padding=&#8220;40px||40px||true|false&#8220; custom_padding_tablet=&#8220;40px||40px||true|false&#8220; custom_padding_phone=&#8220;0px||0px||true|false&#8220; global_colors_info=&#8220;{}&#8220;][et_pb_column type=&#8220;1_2&#8243; _builder_version=&#8220;4.24.3&#8243; _module_preset=&#8220;default&#8220; global_colors_info=&#8220;{}&#8220;][et_pb_text admin_label=&#8220;1-sourcing&#8220; _builder_version=&#8220;4.27.6&#8243; text_font_size=&#8220;16&#8243; text_line_height=&#8220;1.8em&#8220; header_2_font=&#8220;|700|||||||&#8220; header_2_text_color=&#8220;#59B3C8&#8243; header_2_font_size=&#8220;30px&#8220; background_size=&#8220;initial&#8220; background_position=&#8220;top_left&#8220; background_repeat=&#8220;repeat&#8220; custom_margin=&#8220;40px||0px||false|false&#8220; custom_padding=&#8220;||0px|||&#8220; hover_enabled=&#8220;0&#8243; use_border_color=&#8220;off&#8220; border_color=&#8220;#ffffff&#8220; border_style=&#8220;solid&#8220; global_colors_info=&#8220;{}&#8220; sticky_enabled=&#8220;0&#8243;]<\/p>\n<h2>Logistique<\/h2>\n<ul><\/ul>\n<p>[\/et_pb_text][et_pb_text admin_label=&#8220;1-sourcing&#8220; _builder_version=&#8220;4.25.0&#8243; text_line_height=&#8220;1.8em&#8220; header_font=&#8220;||||||||&#8220; header_4_font=&#8220;||||||||&#8220; header_4_text_color=&#8220;#1b7dbc&#8220; background_size=&#8220;initial&#8220; background_position=&#8220;top_left&#8220; background_repeat=&#8220;repeat&#8220; custom_padding=&#8220;||8px|||&#8220; use_border_color=&#8220;off&#8220; border_color=&#8220;#ffffff&#8220; border_style=&#8220;solid&#8220; global_colors_info=&#8220;{}&#8220;]<\/p>\n<p><strong>Die gesamte mit der Dienstleistung verbuntene Logistik organisieren<\/strong><strong><\/strong><\/p>\n<ul>\n<li>Ob bei Projektbeginn, -verl\u00e4ngerung (\u00c4nderung) oder -ende \u2013 OBMS zentralisiert alle mit der Dienstleistung verbundenen Logistikdaten: Ausweis, IS-Zugang, Ausstattung\u2026<\/li>\n<li>Dank eines unabh\u00e4ngigen Moduls k\u00f6nnen Sie die Zutrittsgenehmigungen f\u00fcr Ihre Standorte direkt in OBMS verwalten<\/li>\n<\/ul>\n<ul><\/ul>\n<p>[\/et_pb_text][\/et_pb_column][et_pb_column type=&#8220;1_2&#8243; _builder_version=&#8220;4.24.3&#8243; _module_preset=&#8220;default&#8220; global_colors_info=&#8220;{}&#8220;][et_pb_image src=&#8220;https:\/\/www.opase.com\/wp-content\/uploads\/2026\/03\/ecran_logistic_en.png&#8220; title_text=&#8220;ecran_logistic_en&#8220; disabled_on=&#8220;on|off|off&#8220; _builder_version=&#8220;4.27.6&#8243; _module_preset=&#8220;default&#8220; width=&#8220;100%&#8220; width_tablet=&#8220;50%&#8220; width_phone=&#8220;49%&#8220; width_last_edited=&#8220;on|tablet&#8220; module_alignment=&#8220;center&#8220; hover_enabled=&#8220;0&#8243; border_radii=&#8220;on|10px|10px|10px|10px&#8220; box_shadow_style=&#8220;preset4&#8243; box_shadow_horizontal=&#8220;0px&#8220; box_shadow_vertical=&#8220;2px&#8220; box_shadow_blur=&#8220;27px&#8220; box_shadow_spread=&#8220;-6px&#8220; box_shadow_color=&#8220;#1B7DBC&#8220; global_colors_info=&#8220;{}&#8220; sticky_enabled=&#8220;0&#8243;][\/et_pb_image][\/et_pb_column][\/et_pb_row][et_pb_row column_structure=&#8220;1_2,1_2&#8243; _builder_version=&#8220;4.24.3&#8243; _module_preset=&#8220;default&#8220; custom_margin=&#8220;-2px|auto|-2px|auto|true|false&#8220; global_colors_info=&#8220;{}&#8220;][et_pb_column type=&#8220;1_2&#8243; _builder_version=&#8220;4.24.3&#8243; _module_preset=&#8220;default&#8220; global_colors_info=&#8220;{}&#8220;][et_pb_image src=&#8220;https:\/\/www.opase.com\/wp-content\/uploads\/2026\/03\/Analystics.png&#8220; title_text=&#8220;Analystics&#8220; disabled_on=&#8220;on|off|off&#8220; _builder_version=&#8220;4.27.6&#8243; _module_preset=&#8220;default&#8220; width_tablet=&#8220;50%&#8220; width_phone=&#8220;50%&#8220; width_last_edited=&#8220;on|tablet&#8220; module_alignment=&#8220;center&#8220; custom_margin=&#8220;40px||||false|false&#8220; hover_enabled=&#8220;0&#8243; border_radii=&#8220;on|10px|10px|10px|10px&#8220; box_shadow_style=&#8220;preset4&#8243; box_shadow_horizontal=&#8220;0px&#8220; box_shadow_vertical=&#8220;2px&#8220; box_shadow_blur=&#8220;27px&#8220; box_shadow_spread=&#8220;-8px&#8220; box_shadow_color=&#8220;#1B7DBC&#8220; global_colors_info=&#8220;{}&#8220; sticky_enabled=&#8220;0&#8243;][\/et_pb_image][\/et_pb_column][et_pb_column type=&#8220;1_2&#8243; _builder_version=&#8220;4.24.3&#8243; _module_preset=&#8220;default&#8220; global_colors_info=&#8220;{}&#8220;][et_pb_text admin_label=&#8220;1-sourcing&#8220; _builder_version=&#8220;4.27.6&#8243; text_font_size=&#8220;16&#8243; text_line_height=&#8220;1.8em&#8220; header_2_font=&#8220;|700|||||||&#8220; header_2_text_color=&#8220;#59B3C8&#8243; header_2_font_size=&#8220;30px&#8220; background_size=&#8220;initial&#8220; background_position=&#8220;top_left&#8220; background_repeat=&#8220;repeat&#8220; custom_margin=&#8220;40px||0px||false|false&#8220; custom_padding=&#8220;||0px|||&#8220; hover_enabled=&#8220;0&#8243; use_border_color=&#8220;off&#8220; border_color=&#8220;#ffffff&#8220; border_style=&#8220;solid&#8220; global_colors_info=&#8220;{}&#8220; sticky_enabled=&#8220;0&#8243;]<\/p>\n<h2>Reporting<\/h2>\n<ul><\/ul>\n<p>[\/et_pb_text][et_pb_text admin_label=&#8220;1-sourcing&#8220; _builder_version=&#8220;4.25.0&#8243; text_font_size=&#8220;16&#8243; text_line_height=&#8220;1.8em&#8220; header_font=&#8220;||||||||&#8220; header_4_font=&#8220;||||||||&#8220; header_4_text_color=&#8220;#1b7dbc&#8220; background_size=&#8220;initial&#8220; background_position=&#8220;top_left&#8220; background_repeat=&#8220;repeat&#8220; custom_padding=&#8220;||2px|||&#8220; use_border_color=&#8220;off&#8220; border_color=&#8220;#ffffff&#8220; border_style=&#8220;solid&#8220; global_colors_info=&#8220;{}&#8220;]<\/p>\n<p><strong>Ihre Lieferantenbeziehungen im Alltag steuern<\/strong><\/p>\n<ul>\n<li>Ihr Lieferantenbezugssystem mit der Unterst\u00fctzung der OBMS-Tools verwalten: Terminverwaltung, Fortschrittspl\u00e4ne, Dokumentationen\u2026<\/li>\n<li>Ihre Verhandlungen optimieren und erleichtern<\/li>\n<li>Die Entwicklung Ihrer Einkaufsleistung kontrollieren<\/li>\n<\/ul>\n<p><strong>Ihre Outsourcing Strategie kontrollieren<\/strong><\/p>\n<ul>\n<li>\n<p>Die auf mehreren Sprachen und W\u00e4hrungen basierende OBMS-Vorgehensweise liefert eine Analyse auf lokaler oder internationaler Ebene<\/p>\n<\/li>\n<li>\n<p>Unsere Indikatoren erm\u00f6glichen es, die Leistung Ihrer Lieferanten und der Einkaufsfunktion abzubilden<\/p>\n<\/li>\n<\/ul>\n<p>&nbsp;<\/p>\n<p>[\/et_pb_text][\/et_pb_column][\/et_pb_row][\/et_pb_section][et_pb_section fb_built=&#8220;1&#8243; _builder_version=&#8220;4.27.6&#8243; background_color=&#8220;#1A3E78&#8243; parallax=&#8220;on&#8220; parallax_method=&#8220;off&#8220; hover_enabled=&#8220;0&#8243; locked=&#8220;off&#8220; global_colors_info=&#8220;{}&#8220; sticky_enabled=&#8220;0&#8243;][et_pb_row admin_label=&#8220;Row&#8220; _builder_version=&#8220;4.16&#8243; background_size=&#8220;initial&#8220; background_position=&#8220;top_left&#8220; background_repeat=&#8220;repeat&#8220; global_colors_info=&#8220;{}&#8220;][et_pb_column type=&#8220;4_4&#8243; _builder_version=&#8220;4.16&#8243; custom_padding=&#8220;|||&#8220; global_colors_info=&#8220;{}&#8220; custom_padding__hover=&#8220;|||&#8220;][et_pb_cta title=&#8220;M\u00f6chten Sie mehr erfahren?&#8220; button_url=&#8220;\/de\/project\/die-obms-losung\/&#8220; button_text=&#8220;Die OBMS Datenblatt herunterladen&#8220; admin_label=&#8220;Call To Action&#8220; _builder_version=&#8220;4.25.0&#8243; header_level=&#8220;h1&#8243; header_font=&#8220;|800|||||||&#8220; header_text_color=&#8220;#ffffff&#8220; header_font_size=&#8220;34&#8243; body_font=&#8220;||||||||&#8220; use_background_color=&#8220;off&#8220; background_size=&#8220;initial&#8220; background_position=&#8220;top_left&#8220; background_repeat=&#8220;repeat&#8220; custom_padding=&#8220;40px||40px&#8220; use_border_color=&#8220;off&#8220; global_colors_info=&#8220;{}&#8220; button_text_size__hover_enabled=&#8220;off&#8220; button_text_size__hover=&#8220;null&#8220; button_one_text_size__hover_enabled=&#8220;off&#8220; button_one_text_size__hover=&#8220;null&#8220; button_two_text_size__hover_enabled=&#8220;off&#8220; button_two_text_size__hover=&#8220;null&#8220; button_text_color__hover_enabled=&#8220;off&#8220; button_text_color__hover=&#8220;null&#8220; button_one_text_color__hover_enabled=&#8220;off&#8220; button_one_text_color__hover=&#8220;null&#8220; button_two_text_color__hover_enabled=&#8220;off&#8220; button_two_text_color__hover=&#8220;null&#8220; button_border_width__hover_enabled=&#8220;off&#8220; button_border_width__hover=&#8220;null&#8220; button_one_border_width__hover_enabled=&#8220;off&#8220; button_one_border_width__hover=&#8220;null&#8220; button_two_border_width__hover_enabled=&#8220;off&#8220; button_two_border_width__hover=&#8220;null&#8220; button_border_color__hover_enabled=&#8220;off&#8220; button_border_color__hover=&#8220;null&#8220; button_one_border_color__hover_enabled=&#8220;off&#8220; button_one_border_color__hover=&#8220;null&#8220; button_two_border_color__hover_enabled=&#8220;off&#8220; button_two_border_color__hover=&#8220;null&#8220; button_border_radius__hover_enabled=&#8220;off&#8220; button_border_radius__hover=&#8220;null&#8220; button_one_border_radius__hover_enabled=&#8220;off&#8220; button_one_border_radius__hover=&#8220;null&#8220; button_two_border_radius__hover_enabled=&#8220;off&#8220; button_two_border_radius__hover=&#8220;null&#8220; button_letter_spacing__hover_enabled=&#8220;on&#8220; button_letter_spacing__hover=&#8220;0&#8243; button_one_letter_spacing__hover_enabled=&#8220;off&#8220; button_one_letter_spacing__hover=&#8220;null&#8220; button_two_letter_spacing__hover_enabled=&#8220;off&#8220; button_two_letter_spacing__hover=&#8220;null&#8220; button_bg_color__hover_enabled=&#8220;off&#8220; button_bg_color__hover=&#8220;null&#8220; button_one_bg_color__hover_enabled=&#8220;off&#8220; button_one_bg_color__hover=&#8220;null&#8220; button_two_bg_color__hover_enabled=&#8220;off&#8220; button_two_bg_color__hover=&#8220;null&#8220;][\/et_pb_cta][\/et_pb_column][\/et_pb_row][\/et_pb_section]<\/p>\n","protected":false},"excerpt":{"rendered":"<p>Funktionalit\u00e4tenVerwalten Sie und leiten Sie Ihre externen Ressourcen Einfach, in einer einzigen PlattformDienstvertrag &#8211; Werkvertrag &#8211; Leiharbeit &#8211; Arbeitnehmer\u00fcberlassung (A\u00dc)Sourcing Den richtigen Dienstleiter zum richtigen Preis finden OBMS hilft Ihnen bei der Verwaltung Ihrer Ausschreibungen: Vereinfachte Anforderungserstellung Gegenseitige Unterst\u00fctzung bei der Analyse der Antworten Vereinfachte Verhandlung und vertragliche Vereinbarung \u00dcberwachung un fakturierung Ihre Verwltungsprezesse vereinfachen [&hellip;]<\/p>\n","protected":false},"author":13,"featured_media":0,"parent":0,"menu_order":0,"comment_status":"closed","ping_status":"closed","template":"","meta":{"_et_pb_use_builder":"on","_et_pb_old_content":"","_et_gb_content_width":"","content-type":"","footnotes":""},"class_list":["post-29078","page","type-page","status-publish","hentry"],"_links":{"self":[{"href":"https:\/\/www.opase.com\/de\/wp-json\/wp\/v2\/pages\/29078","targetHints":{"allow":["GET"]}}],"collection":[{"href":"https:\/\/www.opase.com\/de\/wp-json\/wp\/v2\/pages"}],"about":[{"href":"https:\/\/www.opase.com\/de\/wp-json\/wp\/v2\/types\/page"}],"author":[{"embeddable":true,"href":"https:\/\/www.opase.com\/de\/wp-json\/wp\/v2\/users\/13"}],"replies":[{"embeddable":true,"href":"https:\/\/www.opase.com\/de\/wp-json\/wp\/v2\/comments?post=29078"}],"version-history":[{"count":46,"href":"https:\/\/www.opase.com\/de\/wp-json\/wp\/v2\/pages\/29078\/revisions"}],"predecessor-version":[{"id":45420,"href":"https:\/\/www.opase.com\/de\/wp-json\/wp\/v2\/pages\/29078\/revisions\/45420"}],"wp:attachment":[{"href":"https:\/\/www.opase.com\/de\/wp-json\/wp\/v2\/media?parent=29078"}],"curies":[{"name":"wp","href":"https:\/\/api.w.org\/{rel}","templated":true}]}}