{"id":25835,"date":"2016-07-04T18:12:45","date_gmt":"2016-07-04T16:12:45","guid":{"rendered":"http:\/\/www.opase.com\/de\/?page_id=25835"},"modified":"2026-03-06T17:22:16","modified_gmt":"2026-03-06T16:22:16","slug":"opase","status":"publish","type":"page","link":"https:\/\/www.opase.com\/de\/opase\/","title":{"rendered":"OPASE"},"content":{"rendered":"<p>[et_pb_section fb_built=&#8220;1&#8243; _builder_version=&#8220;4.27.6&#8243; _module_preset=&#8220;default&#8220; background_color=&#8220;#59B3C8&#8243; background_enable_image=&#8220;off&#8220; custom_padding=&#8220;40px||40px||true|false&#8220; hover_enabled=&#8220;0&#8243; locked=&#8220;off&#8220; global_colors_info=&#8220;{}&#8220; sticky_enabled=&#8220;0&#8243;][et_pb_row _builder_version=&#8220;4.24.0&#8243; _module_preset=&#8220;default&#8220; global_colors_info=&#8220;{}&#8220;][et_pb_column type=&#8220;4_4&#8243; _builder_version=&#8220;4.24.0&#8243; _module_preset=&#8220;default&#8220; custom_padding=&#8220;30px||30px||true|false&#8220; global_colors_info=&#8220;{}&#8220;][et_pb_text _builder_version=&#8220;4.25.0&#8243; _module_preset=&#8220;default&#8220; text_font=&#8220;|300|||||||&#8220; header_font=&#8220;|300|||||||&#8220; text_orientation=&#8220;center&#8220; background_layout=&#8220;dark&#8220; custom_padding=&#8220;30px||30px||true|false&#8220; global_colors_info=&#8220;{}&#8220;]<\/p>\n<h1><strong>Opase, Herausgeber der OBMS-L\u00f6sung<\/strong><\/h1>\n<p>[\/et_pb_text][\/et_pb_column][\/et_pb_row][\/et_pb_section][et_pb_section fb_built=&#8220;1&#8243; admin_label=&#8220;Hero&#8220; _builder_version=&#8220;4.16&#8243; background_color=&#8220;#ffffff&#8220; custom_padding=&#8220;|0px|2.3%|0px|false|false&#8220; global_colors_info=&#8220;{}&#8220;][et_pb_row _builder_version=&#8220;4.16&#8243; min_height=&#8220;87px&#8220; global_colors_info=&#8220;{}&#8220;][et_pb_column type=&#8220;4_4&#8243; _builder_version=&#8220;4.16&#8243; custom_padding=&#8220;|||&#8220; global_colors_info=&#8220;{}&#8220; custom_padding__hover=&#8220;|||&#8220;][et_pb_text _builder_version=&#8220;4.25.0&#8243; text_font=&#8220;||||||||&#8220; header_font=&#8220;||||||||&#8220; custom_margin=&#8220;20px||31px||false|false&#8220; global_colors_info=&#8220;{}&#8220;]<\/p>\n<p style=\"text-align: left;\">Vor 10 Jahren haben wir die OBMS L\u00f6sung geschaffen mit dem Ziel, die Verwaltung der externen Dienstleister so einfach wie m\u00f6glich zu machen. In der Tat, auf der Grundlage unserer Erfahrung in Dienstleistungsunternehmen, bei der Einkaufsabteilung von gro\u00dfen Gruppen und als Projektleiter verantwortlich f\u00fcr externen Diensteister (Dienstvertrag) waren wir t\u00e4glich mit Problemen bez\u00fcglich des Reportings und der logistischen Verwaltung von verschiedenen Projekten im Werkvertrag, Dienstvertrag oder Leiharbeit konfrontiert.<\/p>\n<p style=\"text-align: left;\">Wir wollten eine End-to-End L\u00f6sung schaffen, deshalb bieten wir sie im Saas-Modus (on the cloud) seit Anfang an.<br \/>Die finanziellen Gewinne f\u00fcr unsere Kunden waren immer eine starke Motivation in der Konzipierung unserer L\u00f6sungen. Deshalb haben wir unter anderem ein Modul f\u00fcr die Referenzierung der Lieferanten implementiert, die eine wichtige Gewinnquelle ist.<\/p>\n<p style=\"text-align: left;\">Wir haben auch versucht, eine m\u00f6glichst einfache Schnittstelle zu erhalten, um die Nutzungsrate der \u201aProjektleiter\u2018 Benutzer maximal zu steigern (Hauptquelle des Erfolgs f\u00fcr diese Art von Plattform).<\/p>\n<p>[\/et_pb_text][et_pb_text _builder_version=&#8220;4.25.0&#8243; text_font=&#8220;||||||||&#8220; header_font=&#8220;||||||||&#8220; custom_margin=&#8220;20px||31px||false|false&#8220; global_colors_info=&#8220;{}&#8220;]<\/p>\n<p style=\"text-align: left;\"><strong>Jean-Christophe LEGROS<\/strong><\/p>\n<p style=\"text-align: left;\">CEO, OPASE SAS<\/p>\n<p>[\/et_pb_text][\/et_pb_column][\/et_pb_row][\/et_pb_section][et_pb_section fb_built=&#8220;1&#8243; admin_label=&#8220;Hero&#8220; _builder_version=&#8220;4.24.3&#8243; background_color=&#8220;rgba(207,226,243,0.3)&#8220; custom_padding=&#8220;80px|0px|80px|0px|true|false&#8220; locked=&#8220;off&#8220; global_colors_info=&#8220;{}&#8220;][et_pb_row _builder_version=&#8220;4.16&#8243; min_height=&#8220;87px&#8220; global_colors_info=&#8220;{}&#8220;][et_pb_column type=&#8220;4_4&#8243; _builder_version=&#8220;4.16&#8243; custom_padding=&#8220;|||&#8220; global_colors_info=&#8220;{}&#8220; custom_padding__hover=&#8220;|||&#8220;][et_pb_text _builder_version=&#8220;4.25.0&#8243; header_font=&#8220;||||||||&#8220; header_2_font=&#8220;|600|||||||&#8220; header_2_font_size=&#8220;32px&#8220; custom_margin=&#8220;||10px||false|false&#8220; custom_margin_tablet=&#8220;&#8220; custom_margin_phone=&#8220;20px||20px|&#8220; custom_margin_last_edited=&#8220;on|phone&#8220; locked=&#8220;off&#8220; global_colors_info=&#8220;{}&#8220;]<\/p>\n<h2 style=\"text-align: center;\">Karriere<\/h2>\n<p>[\/et_pb_text][\/et_pb_column][\/et_pb_row][et_pb_row column_structure=&#8220;1_3,1_3,1_3&#8243; _builder_version=&#8220;4.24.3&#8243; _module_preset=&#8220;default&#8220; max_width=&#8220;1280px&#8220; locked=&#8220;off&#8220; global_colors_info=&#8220;{}&#8220;][et_pb_column type=&#8220;1_3&#8243; _builder_version=&#8220;4.24.3&#8243; _module_preset=&#8220;default&#8220; background_color=&#8220;RGBA(255,255,255,0)&#8220; custom_padding=&#8220;40px|15px|40px|15px|true|false&#8220; border_radii=&#8220;on|10px|10px|10px|10px&#8220; global_colors_info=&#8220;{}&#8220;][et_pb_image src=&#8220;https:\/\/www.opase.com\/wp-content\/uploads\/2025\/12\/ergo.png&#8220; title_text=&#8220;ergo&#8220; _builder_version=&#8220;4.27.6&#8243; _module_preset=&#8220;default&#8220; max_height=&#8220;90px&#8220; custom_padding=&#8220;|||20px|false|false&#8220; hover_enabled=&#8220;0&#8243; global_colors_info=&#8220;{}&#8220; sticky_enabled=&#8220;0&#8243;][\/et_pb_image][et_pb_text _builder_version=&#8220;4.27.6&#8243; _module_preset=&#8220;default&#8220; text_font_size=&#8220;15px&#8220; header_4_font=&#8220;|800|||||||&#8220; header_4_text_color=&#8220;#59B3C8&#8243; header_4_font_size=&#8220;25px&#8220; width=&#8220;90%&#8220; module_alignment=&#8220;center&#8220; hover_enabled=&#8220;0&#8243; global_colors_info=&#8220;{}&#8220; sticky_enabled=&#8220;0&#8243;]<\/p>\n<h4 style=\"text-align: left;\">JAVA Entwicklungsingenieur<\/h4>\n<p style=\"text-align: left;\">H\u00f6here Ausbildung wie 5 Jahre Studium, mindenstens 2 Jahre Erfahrung in JAVA-Entwicklung.<\/p>\n<p style=\"text-align: left;\">Sie meistern die globale Architektur und die J2EE Umgebung, die n-Schichten WEB Anwendungen, die Datenbanken. Wenn Sie sich f\u00fcr die neuen Technologien begeistern, laden wir Sie ein, unsere Teams beizutreten, um zusammen zu innovieren. Sie werden Vorschl\u00e4ge machen k\u00f6nnen, in einem jungen und dynamischen Kontext.<\/p>\n<p>[\/et_pb_text][\/et_pb_column][et_pb_column type=&#8220;1_3&#8243; _builder_version=&#8220;4.24.3&#8243; _module_preset=&#8220;default&#8220; background_color=&#8220;RGBA(255,255,255,0)&#8220; custom_padding=&#8220;40px|15px|40px|15px|true|false&#8220; border_radii=&#8220;on|10px|10px|10px|10px&#8220; global_colors_info=&#8220;{}&#8220;][et_pb_image src=&#8220;https:\/\/www.opase.com\/wp-content\/uploads\/2026\/03\/mains_fonce.png&#8220; title_text=&#8220;mains_fonc\u00e9&#8220; _builder_version=&#8220;4.27.6&#8243; _module_preset=&#8220;default&#8220; max_height=&#8220;90px&#8220; custom_margin=&#8220;|||15px|false|false&#8220; hover_enabled=&#8220;0&#8243; global_colors_info=&#8220;{}&#8220; sticky_enabled=&#8220;0&#8243;][\/et_pb_image][et_pb_text _builder_version=&#8220;4.27.6&#8243; _module_preset=&#8220;default&#8220; text_font_size=&#8220;15px&#8220; header_4_font=&#8220;|800|||||||&#8220; header_4_text_color=&#8220;#59B3C8&#8243; header_4_font_size=&#8220;25px&#8220; width=&#8220;90%&#8220; module_alignment=&#8220;center&#8220; hover_enabled=&#8220;0&#8243; global_colors_info=&#8220;{}&#8220; sticky_enabled=&#8220;0&#8243;]<\/p>\n<h4 style=\"text-align: left;\">Produkt-Projekleiter<\/h4>\n<p style=\"text-align: left;\">Als Teil des Projektteams, werden Ihre Hauptaufgaben, an die Entwicklung neuer funktionalit\u00e4ten und an die Kundenbetreuung teilzunehmen, sowie der Garant der Qualit\u00e4t der gelieferten Produkte zu sein.<\/p>\n<p style=\"text-align: left;\">Neugierig, dynamisch und motiviert, Sie arbeiten gerne im Team und sind f\u00fcr Ihre Analyse- und Kundendienst-F\u00e4higkeiten anerkannt. Die F\u00e4higkeit, unterschiedliche Kunden-Kontexte schnell aufzufassen, und von einem zum anderen zu gehen wird Ihr Vorteil sein, um an dieser Stelle erfolgsam zu sein.<\/p>\n<p>[\/et_pb_text][\/et_pb_column][et_pb_column type=&#8220;1_3&#8243; _builder_version=&#8220;4.24.3&#8243; _module_preset=&#8220;default&#8220; background_color=&#8220;RGBA(255,255,255,0)&#8220; custom_padding=&#8220;40px|15px|40px|15px|true|false&#8220; border_radii=&#8220;on|10px|10px|10px|10px&#8220; global_colors_info=&#8220;{}&#8220;][et_pb_image src=&#8220;https:\/\/www.opase.com\/wp-content\/uploads\/2025\/12\/plane\u0300te.png&#8220; title_text=&#8220;plane\u0300te&#8220; _builder_version=&#8220;4.27.6&#8243; _module_preset=&#8220;default&#8220; max_height=&#8220;90px&#8220; custom_margin=&#8220;|||0px|false|false&#8220; custom_padding=&#8220;0px||||false|false&#8220; hover_enabled=&#8220;0&#8243; global_colors_info=&#8220;{}&#8220; sticky_enabled=&#8220;0&#8243;][\/et_pb_image][et_pb_text _builder_version=&#8220;4.27.6&#8243; _module_preset=&#8220;default&#8220; text_font_size=&#8220;15px&#8220; header_4_font=&#8220;|800|||||||&#8220; header_4_text_color=&#8220;#59B3C8&#8243; header_4_font_size=&#8220;25px&#8220; hover_enabled=&#8220;0&#8243; global_colors_info=&#8220;{}&#8220; sticky_enabled=&#8220;0&#8243;]<\/p>\n<h4 style=\"text-align: left;\">Digilatles Marketing<\/h4>\n<p style=\"text-align: left;\">Sie haben mindestens 2 Jahre Erfahrung im Digitalen Marketing. Das \u201aContent Management\u2018 ist f\u00fcr Sie eine zweite Natur.<\/p>\n<p>Schriftlich sowie m\u00fcndlich kompetent, Sie werden verantwortlich f\u00fcr die Marketing Aktionen f\u00fcr unser OBMS Produkt sein.<br \/>Das ist eine sehr offene und vielseitige Stelle, und wir sind auf der Suche von Kandidaten, die im Idealfall gute Kenntnisse im Einkauf und\/oder in Human Resources haben.<\/p>\n<p>[\/et_pb_text][\/et_pb_column][\/et_pb_row][\/et_pb_section][et_pb_section fb_built=&#8220;1&#8243; _builder_version=&#8220;4.27.6&#8243; background_color=&#8220;#1A3E78&#8243; parallax=&#8220;on&#8220; parallax_method=&#8220;off&#8220; hover_enabled=&#8220;0&#8243; locked=&#8220;off&#8220; global_colors_info=&#8220;{}&#8220; sticky_enabled=&#8220;0&#8243;][et_pb_row admin_label=&#8220;Row&#8220; _builder_version=&#8220;4.16&#8243; background_size=&#8220;initial&#8220; background_position=&#8220;top_left&#8220; background_repeat=&#8220;repeat&#8220; global_colors_info=&#8220;{}&#8220;][et_pb_column type=&#8220;4_4&#8243; _builder_version=&#8220;4.16&#8243; custom_padding=&#8220;|||&#8220; global_colors_info=&#8220;{}&#8220; custom_padding__hover=&#8220;|||&#8220;][et_pb_cta title=&#8220;Haben Sie ein unterehmerischen Geist?&#8220; button_url=&#8220;\/de\/kontaktieren-sie-uns\/&#8220; button_text=&#8220;Kontaktieren Sie uns&#8220; admin_label=&#8220;Call To Action&#8220; _builder_version=&#8220;4.25.0&#8243; header_level=&#8220;h1&#8243; header_font=&#8220;|800|||||||&#8220; header_text_color=&#8220;#ffffff&#8220; header_font_size=&#8220;34&#8243; body_font=&#8220;||||||||&#8220; use_background_color=&#8220;off&#8220; background_size=&#8220;initial&#8220; background_position=&#8220;top_left&#8220; background_repeat=&#8220;repeat&#8220; custom_padding=&#8220;40px||40px&#8220; use_border_color=&#8220;off&#8220; global_colors_info=&#8220;{}&#8220; button_text_size__hover_enabled=&#8220;off&#8220; button_text_size__hover=&#8220;null&#8220; button_one_text_size__hover_enabled=&#8220;off&#8220; button_one_text_size__hover=&#8220;null&#8220; button_two_text_size__hover_enabled=&#8220;off&#8220; button_two_text_size__hover=&#8220;null&#8220; button_text_color__hover_enabled=&#8220;off&#8220; button_text_color__hover=&#8220;null&#8220; button_one_text_color__hover_enabled=&#8220;off&#8220; button_one_text_color__hover=&#8220;null&#8220; button_two_text_color__hover_enabled=&#8220;off&#8220; button_two_text_color__hover=&#8220;null&#8220; button_border_width__hover_enabled=&#8220;off&#8220; button_border_width__hover=&#8220;null&#8220; button_one_border_width__hover_enabled=&#8220;off&#8220; button_one_border_width__hover=&#8220;null&#8220; button_two_border_width__hover_enabled=&#8220;off&#8220; button_two_border_width__hover=&#8220;null&#8220; button_border_color__hover_enabled=&#8220;off&#8220; button_border_color__hover=&#8220;null&#8220; button_one_border_color__hover_enabled=&#8220;off&#8220; button_one_border_color__hover=&#8220;null&#8220; button_two_border_color__hover_enabled=&#8220;off&#8220; button_two_border_color__hover=&#8220;null&#8220; button_border_radius__hover_enabled=&#8220;off&#8220; button_border_radius__hover=&#8220;null&#8220; button_one_border_radius__hover_enabled=&#8220;off&#8220; button_one_border_radius__hover=&#8220;null&#8220; button_two_border_radius__hover_enabled=&#8220;off&#8220; button_two_border_radius__hover=&#8220;null&#8220; button_letter_spacing__hover_enabled=&#8220;on&#8220; button_letter_spacing__hover=&#8220;0&#8243; button_one_letter_spacing__hover_enabled=&#8220;off&#8220; button_one_letter_spacing__hover=&#8220;null&#8220; button_two_letter_spacing__hover_enabled=&#8220;off&#8220; button_two_letter_spacing__hover=&#8220;null&#8220; button_bg_color__hover_enabled=&#8220;off&#8220; button_bg_color__hover=&#8220;null&#8220; button_one_bg_color__hover_enabled=&#8220;off&#8220; button_one_bg_color__hover=&#8220;null&#8220; button_two_bg_color__hover_enabled=&#8220;off&#8220; button_two_bg_color__hover=&#8220;null&#8220;][\/et_pb_cta][\/et_pb_column][\/et_pb_row][\/et_pb_section]<\/p>\n","protected":false},"excerpt":{"rendered":"<p>Opase, Herausgeber der OBMS-L\u00f6sungVor 10 Jahren haben wir die OBMS L\u00f6sung geschaffen mit dem Ziel, die Verwaltung der externen Dienstleister so einfach wie m\u00f6glich zu machen. In der Tat, auf der Grundlage unserer Erfahrung in Dienstleistungsunternehmen, bei der Einkaufsabteilung von gro\u00dfen Gruppen und als Projektleiter verantwortlich f\u00fcr externen Diensteister (Dienstvertrag) waren wir t\u00e4glich mit Problemen [&hellip;]<\/p>\n","protected":false},"author":13,"featured_media":0,"parent":0,"menu_order":0,"comment_status":"closed","ping_status":"closed","template":"","meta":{"_et_pb_use_builder":"on","_et_pb_old_content":"","_et_gb_content_width":"","content-type":"","footnotes":""},"class_list":["post-25835","page","type-page","status-publish","hentry"],"_links":{"self":[{"href":"https:\/\/www.opase.com\/de\/wp-json\/wp\/v2\/pages\/25835","targetHints":{"allow":["GET"]}}],"collection":[{"href":"https:\/\/www.opase.com\/de\/wp-json\/wp\/v2\/pages"}],"about":[{"href":"https:\/\/www.opase.com\/de\/wp-json\/wp\/v2\/types\/page"}],"author":[{"embeddable":true,"href":"https:\/\/www.opase.com\/de\/wp-json\/wp\/v2\/users\/13"}],"replies":[{"embeddable":true,"href":"https:\/\/www.opase.com\/de\/wp-json\/wp\/v2\/comments?post=25835"}],"version-history":[{"count":41,"href":"https:\/\/www.opase.com\/de\/wp-json\/wp\/v2\/pages\/25835\/revisions"}],"predecessor-version":[{"id":45430,"href":"https:\/\/www.opase.com\/de\/wp-json\/wp\/v2\/pages\/25835\/revisions\/45430"}],"wp:attachment":[{"href":"https:\/\/www.opase.com\/de\/wp-json\/wp\/v2\/media?parent=25835"}],"curies":[{"name":"wp","href":"https:\/\/api.w.org\/{rel}","templated":true}]}}